{"id":141,"date":"2020-10-03T19:06:04","date_gmt":"2020-10-03T17:06:04","guid":{"rendered":"https:\/\/www.alainlecoq.com\/?page_id=141"},"modified":"2020-10-03T19:06:04","modified_gmt":"2020-10-03T17:06:04","slug":"les-collections","status":"publish","type":"page","link":"https:\/\/www.alainlecoq.com\/index.php\/les-collections\/","title":{"rendered":"LES COLLECTIONS"},"content":{"rendered":"\n<figure class=\"wp-block-image size-large\"><img loading=\"lazy\" decoding=\"async\" width=\"1022\" height=\"1024\" src=\"https:\/\/www.alainlecoq.com\/wp-content\/uploads\/2020\/10\/DSC01044-1022x1024.jpg\" alt=\"\" class=\"wp-image-142\" srcset=\"https:\/\/www.alainlecoq.com\/wp-content\/uploads\/2020\/10\/DSC01044-1022x1024.jpg 1022w, https:\/\/www.alainlecoq.com\/wp-content\/uploads\/2020\/10\/DSC01044-300x300.jpg 300w, https:\/\/www.alainlecoq.com\/wp-content\/uploads\/2020\/10\/DSC01044-150x150.jpg 150w, https:\/\/www.alainlecoq.com\/wp-content\/uploads\/2020\/10\/DSC01044-768x770.jpg 768w, https:\/\/www.alainlecoq.com\/wp-content\/uploads\/2020\/10\/DSC01044-1532x1536.jpg 1532w, https:\/\/www.alainlecoq.com\/wp-content\/uploads\/2020\/10\/DSC01044-2043x2048.jpg 2043w\" sizes=\"auto, (max-width: 767px) 89vw, (max-width: 1000px) 54vw, (max-width: 1071px) 543px, 580px\" \/><\/figure>\n\n\n\n<p class=\"has-medium-font-size\"><em>Collection Ch\u00e2teaux et Propri\u00e9t\u00e9s n\u00b02,   D V<\/em><\/p>\n\n\n\n<p class=\"has-medium-font-size\">Encre et collages sur carton 80x80cm<\/p>\n\n\n\n<figure class=\"wp-block-image size-large\"><img loading=\"lazy\" decoding=\"async\" width=\"1024\" height=\"1014\" src=\"https:\/\/www.alainlecoq.com\/wp-content\/uploads\/2021\/05\/DSC01168-1024x1014.jpg\" alt=\"\" class=\"wp-image-381\" srcset=\"https:\/\/www.alainlecoq.com\/wp-content\/uploads\/2021\/05\/DSC01168-1024x1014.jpg 1024w, https:\/\/www.alainlecoq.com\/wp-content\/uploads\/2021\/05\/DSC01168-300x297.jpg 300w, https:\/\/www.alainlecoq.com\/wp-content\/uploads\/2021\/05\/DSC01168-150x150.jpg 150w, https:\/\/www.alainlecoq.com\/wp-content\/uploads\/2021\/05\/DSC01168-768x760.jpg 768w, https:\/\/www.alainlecoq.com\/wp-content\/uploads\/2021\/05\/DSC01168-1536x1521.jpg 1536w, https:\/\/www.alainlecoq.com\/wp-content\/uploads\/2021\/05\/DSC01168-2048x2028.jpg 2048w\" sizes=\"auto, (max-width: 767px) 89vw, (max-width: 1000px) 54vw, (max-width: 1071px) 543px, 580px\" \/><\/figure>\n\n\n\n<p class=\"has-medium-font-size\"><strong><em>Collection   nombres de 589 \u00e0 782<\/em><\/strong>, <em><strong>E VII<\/strong><\/em><\/p>\n\n\n\n<p class=\"has-medium-font-size\"> Encre et collages sur carton 80x80cm<\/p>\n\n\n\n<figure class=\"wp-block-image size-full\"><img loading=\"lazy\" decoding=\"async\" width=\"2525\" height=\"2560\" src=\"http:\/\/tbfxcil.cluster027.hosting.ovh.net\/wp-content\/uploads\/2024\/02\/collection-de-mariannes-scaled-1.jpg\" alt=\"\" class=\"wp-image-670\" srcset=\"https:\/\/www.alainlecoq.com\/wp-content\/uploads\/2024\/02\/collection-de-mariannes-scaled-1.jpg 2525w, https:\/\/www.alainlecoq.com\/wp-content\/uploads\/2024\/02\/collection-de-mariannes-scaled-1-296x300.jpg 296w, https:\/\/www.alainlecoq.com\/wp-content\/uploads\/2024\/02\/collection-de-mariannes-scaled-1-1010x1024.jpg 1010w, https:\/\/www.alainlecoq.com\/wp-content\/uploads\/2024\/02\/collection-de-mariannes-scaled-1-768x779.jpg 768w, https:\/\/www.alainlecoq.com\/wp-content\/uploads\/2024\/02\/collection-de-mariannes-scaled-1-1515x1536.jpg 1515w, https:\/\/www.alainlecoq.com\/wp-content\/uploads\/2024\/02\/collection-de-mariannes-scaled-1-2020x2048.jpg 2020w, https:\/\/www.alainlecoq.com\/wp-content\/uploads\/2024\/02\/collection-de-mariannes-scaled-1-100x100.jpg 100w\" sizes=\"auto, (max-width: 767px) 89vw, (max-width: 1000px) 54vw, (max-width: 1071px) 543px, 580px\" \/><\/figure>\n\n\n\n<p class=\"has-medium-font-size\"><strong><em>Collection<\/em>    <em>Timbres , Les Mariannes<\/em>,  J VIII<\/strong><\/p>\n\n\n\n<p class=\"has-medium-font-size\"> Encre et collages sur carton 80x80cm<\/p>\n\n\n\n<figure class=\"wp-block-image size-full is-resized\"><img decoding=\"async\" src=\"https:\/\/www.alainlecoq.com\/wp-content\/uploads\/2022\/06\/DSCN3604-scaled.jpg\" alt=\"\" class=\"wp-image-616\" style=\"width:674px;height:auto\"\/><\/figure>\n\n\n\n<p class=\"has-medium-font-size\"><strong><em> Collection   Les Animaux,  M II<\/em><\/strong><\/p>\n\n\n\n<p class=\"has-medium-font-size\">Encre et collages sur carton 80x80cm<\/p>\n","protected":false},"excerpt":{"rendered":"<p>Collection Ch\u00e2teaux et Propri\u00e9t\u00e9s n\u00b02, D V Encre et collages sur carton 80x80cm Collection nombres de 589 \u00e0 782, E VII Encre et collages sur carton 80x80cm Collection Timbres , Les Mariannes, J VIII Encre et collages sur carton 80x80cm Collection Les Animaux, M II Encre et collages sur carton 80x80cm<\/p>\n","protected":false},"author":1,"featured_media":0,"parent":0,"menu_order":0,"comment_status":"closed","ping_status":"closed","template":"","meta":{"footnotes":""},"class_list":["post-141","page","type-page","status-publish","hentry"],"_links":{"self":[{"href":"https:\/\/www.alainlecoq.com\/index.php\/wp-json\/wp\/v2\/pages\/141","targetHints":{"allow":["GET"]}}],"collection":[{"href":"https:\/\/www.alainlecoq.com\/index.php\/wp-json\/wp\/v2\/pages"}],"about":[{"href":"https:\/\/www.alainlecoq.com\/index.php\/wp-json\/wp\/v2\/types\/page"}],"author":[{"embeddable":true,"href":"https:\/\/www.alainlecoq.com\/index.php\/wp-json\/wp\/v2\/users\/1"}],"replies":[{"embeddable":true,"href":"https:\/\/www.alainlecoq.com\/index.php\/wp-json\/wp\/v2\/comments?post=141"}],"version-history":[{"count":0,"href":"https:\/\/www.alainlecoq.com\/index.php\/wp-json\/wp\/v2\/pages\/141\/revisions"}],"wp:attachment":[{"href":"https:\/\/www.alainlecoq.com\/index.php\/wp-json\/wp\/v2\/media?parent=141"}],"curies":[{"name":"wp","href":"https:\/\/api.w.org\/{rel}","templated":true}]}}