{"id":134,"date":"2020-10-03T18:45:34","date_gmt":"2020-10-03T16:45:34","guid":{"rendered":"https:\/\/www.alainlecoq.com\/?page_id=134"},"modified":"2020-10-03T18:45:34","modified_gmt":"2020-10-03T16:45:34","slug":"la-tapisserie-de-bayeux","status":"publish","type":"page","link":"https:\/\/www.alainlecoq.com\/index.php\/la-tapisserie-de-bayeux\/","title":{"rendered":"LA TAPISSERIE DE BAYEUX"},"content":{"rendered":"\n<p><\/p>\n\n\n\n<div class=\"wp-block-cover has-black-background-color has-background-dim\"><div class=\"wp-block-cover__inner-container is-layout-flow wp-block-cover-is-layout-flow\">\n<p class=\"has-text-align-center has-large-font-size\">LA TAPISSERIE DE BAYEUX<\/p>\n\n\n\n<p class=\"has-text-align-center has-large-font-size\"> une capture par le dessin<\/p>\n\n\n\n<p><\/p>\n<\/div><\/div>\n\n\n\n<p><\/p>\n\n\n\n<p><\/p>\n\n\n\n<p><strong>L<\/strong>a capture de la Tapisserie de Bayeux est une capture de voyage.<\/p>\n\n\n\n<p>J&rsquo;ai d\u00e9couvert l\u2019\u0153uvre originale  lors d&rsquo;un voyage en famille qui devait nous mener jusqu&rsquo;\u00e0 Amsterdam. <\/p>\n\n\n\n<p> Nous avons fait une pause \u00e0 Bayeux pour d\u00e9couvrir les plages du d\u00e9barquement et visiter le mus\u00e9e  qui accueille la Tapisserie.<\/p>\n\n\n\n<figure class=\"wp-block-image size-large\"><img decoding=\"async\" src=\"https:\/\/www.alainlecoq.com\/wp-content\/uploads\/2020\/10\/Tapisserie-de-Bayeux-1..29-E-XI-23-02-2009-1022x1024.jpg\" alt=\"\" class=\"wp-image-165\"\/><\/figure>\n\n\n\n<p><strong><em>Tapisserie de Bayeux<\/em><\/strong>   <strong><em>1\/29  E XI<\/em><\/strong> , 2009<\/p>\n\n\n\n<p>Capture, encre et collages sur carton 80x80cm<\/p>\n\n\n\n<figure class=\"wp-block-image size-large\"><img decoding=\"async\" src=\"https:\/\/www.alainlecoq.com\/wp-content\/uploads\/2020\/10\/Tapisserie-de-Bayeux-2..29-F-X-2-2009-1005x1024.jpg\" alt=\"\" class=\"wp-image-166\"\/><\/figure>\n\n\n\n<p><strong><em>Tapisserie de Bayeux<\/em><\/strong> <strong><em>2\/29  F X<\/em><\/strong>, 2009<\/p>\n\n\n\n<p>Capture, encre et collages sur carton 80x80cm<\/p>\n\n\n\n<figure class=\"wp-block-image size-large\"><img decoding=\"async\" src=\"https:\/\/www.alainlecoq.com\/wp-content\/uploads\/2020\/10\/Tapisserie-de-Bayeux-3..29-G-IX-2009-1010x1024.jpg\" alt=\"\" class=\"wp-image-167\"\/><\/figure>\n\n\n\n<p><strong><em>Tapisserie de Bayeux<\/em><\/strong> <strong><em>3\/29  G IX<\/em><\/strong>, 2009<\/p>\n\n\n\n<p>Capture, encre et collages sur carton 80x80cm<\/p>\n\n\n\n<figure class=\"wp-block-image size-large\"><img decoding=\"async\" src=\"https:\/\/www.alainlecoq.com\/wp-content\/uploads\/2020\/10\/Tapisserie-de-Bayeux-4..29-H-VIII-2009-1018x1024.jpg\" alt=\"\" class=\"wp-image-168\"\/><\/figure>\n\n\n\n<p><strong><em>Tapisserie de Bayeux<\/em><\/strong> <strong><em>4\/29  H VIII<\/em><\/strong>, 2009<\/p>\n\n\n\n<p>Capture, encre et collages sur carton 80x80cm<\/p>\n\n\n\n<figure class=\"wp-block-image size-large\"><img decoding=\"async\" src=\"https:\/\/www.alainlecoq.com\/wp-content\/uploads\/2020\/10\/Tapisserie-de-Bayeux-5..29-L-IV-2009-1-1019x1024.jpg\" alt=\"\" class=\"wp-image-194\"\/><\/figure>\n\n\n\n<p><strong><em>Tapisserie de Bayeux<\/em><\/strong> <strong><em>5\/29  L IV<\/em><\/strong>, 2009<\/p>\n\n\n\n<p>Capture, encre et collages sur carton 80x80cm<\/p>\n\n\n\n<figure class=\"wp-block-image size-large\"><img decoding=\"async\" src=\"https:\/\/www.alainlecoq.com\/wp-content\/uploads\/2020\/10\/Tapisserie-de-Bayeux-6..29-M-III-2009-1013x1024.jpg\" alt=\"\" class=\"wp-image-169\"\/><\/figure>\n\n\n\n<p><strong><em>Tapisserie de Bayeux<\/em><\/strong> <strong><em>6\/29   M III<\/em><\/strong>, 2009<\/p>\n\n\n\n<p>Capture, encre et collages sur carton 80x80cm<\/p>\n\n\n\n<figure class=\"wp-block-image size-large\"><img decoding=\"async\" src=\"https:\/\/www.alainlecoq.com\/wp-content\/uploads\/2020\/10\/Tapisserie-de-Bayeux-7..29-K-I-2009-1014x1024.jpg\" alt=\"\" class=\"wp-image-171\"\/><\/figure>\n\n\n\n<p><strong><em>Tapisserie de Bayeux<\/em><\/strong> <strong><em>7\/29  K I<\/em><\/strong>, 2009<\/p>\n\n\n\n<p>Capture, encre et collages sur carton 80x80cm<\/p>\n\n\n\n<figure class=\"wp-block-image size-large\"><img decoding=\"async\" src=\"https:\/\/www.alainlecoq.com\/wp-content\/uploads\/2020\/10\/Tapisserie-de-Bayeux-8..29-J-XI-2010-1019x1024.jpg\" alt=\"\" class=\"wp-image-172\"\/><\/figure>\n\n\n\n<p><strong><em>Tapisserie de Bayeux<\/em><\/strong> <strong><em>8\/29  J II<\/em><\/strong>, 2010<\/p>\n\n\n\n<p>Capture, encre et collages sur carton 80x80cm<\/p>\n\n\n\n<figure class=\"wp-block-image size-large\"><img decoding=\"async\" src=\"https:\/\/www.alainlecoq.com\/wp-content\/uploads\/2020\/10\/Tapisserie-de-Bayeux-9..29-I-III-2010-1024x1022.jpg\" alt=\"\" class=\"wp-image-173\"\/><\/figure>\n\n\n\n<p><strong><em>Tapisserie de Bayeux<\/em><\/strong> <strong><em>9\/29  I  III<\/em><\/strong>,  2010<\/p>\n\n\n\n<p>Capture, encre et collages sur carton 80x80cm<\/p>\n\n\n\n<figure class=\"wp-block-image size-large\"><img decoding=\"async\" src=\"https:\/\/www.alainlecoq.com\/wp-content\/uploads\/2020\/10\/Tapisserie-de-Bayeux-10..29-B-X-2010-1024x1024.jpg\" alt=\"\" class=\"wp-image-174\"\/><\/figure>\n\n\n\n<p><strong><em>Tapisserie de Bayeux<\/em><\/strong> <strong><em>10\/29  B X<\/em><\/strong>,  2010<\/p>\n\n\n\n<p>Capture, encre et collages sur carton, 80x80cm<\/p>\n\n\n\n<figure class=\"wp-block-image size-large\"><img decoding=\"async\" src=\"https:\/\/www.alainlecoq.com\/wp-content\/uploads\/2020\/10\/Tapisserie-de-Bayeux-11..29-A-XI-2011-1024x1013.jpg\" alt=\"\" class=\"wp-image-175\"\/><\/figure>\n\n\n\n<p><strong><em>Tapisserie de Bayeux<\/em><\/strong> <strong><em>11\/29  A  XI<\/em><\/strong>,  2011<\/p>\n\n\n\n<p>Capture, encre et collages sur carton, 80x80cm<\/p>\n\n\n\n<figure class=\"wp-block-image size-large\"><img decoding=\"async\" src=\"https:\/\/www.alainlecoq.com\/wp-content\/uploads\/2020\/10\/Tapisserie-de-Bayeux-12..29-C-I-2011-1022x1024.jpg\" alt=\"\" class=\"wp-image-193\"\/><\/figure>\n\n\n\n<p><strong><em>Tapisserie de Bayeux<\/em><\/strong>   <strong><em>12\/29   C I<\/em><\/strong>,  2012<\/p>\n\n\n\n<p>Capture, encre et collages sur carton, 80x80cm<\/p>\n\n\n\n<figure class=\"wp-block-image size-large\"><img decoding=\"async\" src=\"https:\/\/www.alainlecoq.com\/wp-content\/uploads\/2020\/10\/Tapisserie-de-Bayeux-13..29-K-IX-2012-1019x1024.jpg\" alt=\"\" class=\"wp-image-176\"\/><\/figure>\n\n\n\n<p><strong><em>Tapisserie de Bayeux<\/em><\/strong> <strong><em>13\/29   K  IX<\/em><\/strong>,  2012<\/p>\n\n\n\n<p>Capture, encre et collages sur carton, 80x80cm<\/p>\n\n\n\n<figure class=\"wp-block-image size-large\"><img loading=\"lazy\" decoding=\"async\" width=\"1024\" height=\"1020\" src=\"https:\/\/www.alainlecoq.com\/wp-content\/uploads\/2020\/10\/DSC06672-1024x1020.jpg\" alt=\"\" class=\"wp-image-204\" srcset=\"https:\/\/www.alainlecoq.com\/wp-content\/uploads\/2020\/10\/DSC06672-1024x1020.jpg 1024w, https:\/\/www.alainlecoq.com\/wp-content\/uploads\/2020\/10\/DSC06672-300x300.jpg 300w, https:\/\/www.alainlecoq.com\/wp-content\/uploads\/2020\/10\/DSC06672-150x150.jpg 150w, https:\/\/www.alainlecoq.com\/wp-content\/uploads\/2020\/10\/DSC06672-768x765.jpg 768w, https:\/\/www.alainlecoq.com\/wp-content\/uploads\/2020\/10\/DSC06672-1536x1530.jpg 1536w, https:\/\/www.alainlecoq.com\/wp-content\/uploads\/2020\/10\/DSC06672-2048x2041.jpg 2048w\" sizes=\"auto, (max-width: 767px) 89vw, (max-width: 1000px) 54vw, (max-width: 1071px) 543px, 580px\" \/><\/figure>\n\n\n\n<p><strong><em>Tapisserie de Bayeux<\/em><\/strong> <strong><em>14\/29   L X<\/em><\/strong>,   2012<\/p>\n\n\n\n<p>Capture, encre et collages sur carton, 80x80cm<\/p>\n\n\n\n<p><\/p>\n\n\n\n<figure class=\"wp-block-image size-large\"><img decoding=\"async\" src=\"https:\/\/www.alainlecoq.com\/wp-content\/uploads\/2020\/10\/Tapisserie-de-Bayeux-15..29-M-XI-2013-1024x1014.jpg\" alt=\"\" class=\"wp-image-177\"\/><\/figure>\n\n\n\n<p><\/p>\n\n\n\n<p><strong><em>Tapisserie de Bayeux<\/em><\/strong> <strong><em>15\/29   M XI<\/em><\/strong>,  2013<\/p>\n\n\n\n<p>Capture, encre et collages sur carton, 80x80cm<\/p>\n\n\n\n<p><\/p>\n\n\n\n<figure class=\"wp-block-image size-large\"><img decoding=\"async\" src=\"https:\/\/www.alainlecoq.com\/wp-content\/uploads\/2020\/10\/Tapisserie-de-Bayeux-16..29-K-XIV-2013-1006x1024.jpg\" alt=\"\" class=\"wp-image-178\"\/><\/figure>\n\n\n\n<p><strong><em>Tapisserie de Bayeux<\/em><\/strong> <strong><em>16\/29     K XIV<\/em><\/strong>,  2013<\/p>\n\n\n\n<p>Capture, encre et collages sur carton, 80x80cm<\/p>\n\n\n\n<figure class=\"wp-block-image size-large\"><img decoding=\"async\" src=\"https:\/\/www.alainlecoq.com\/wp-content\/uploads\/2020\/10\/Tapisserie-de-Bayeux-17..29-I-XIII-2013-1024x1009.jpg\" alt=\"\" class=\"wp-image-179\"\/><\/figure>\n\n\n\n<p><strong><em>Tapisserie de Bayeux<\/em><\/strong> <strong><em>17\/29    I   XIII<\/em><\/strong>,   2013<\/p>\n\n\n\n<p>Capture, encre et collages sur carton, 80x80cm<\/p>\n\n\n\n<figure class=\"wp-block-image size-large\"><img decoding=\"async\" src=\"https:\/\/www.alainlecoq.com\/wp-content\/uploads\/2020\/10\/Tapisserie-de-Bayeux-18..29-H-XIV-2013-1019x1024.jpg\" alt=\"\" class=\"wp-image-180\"\/><\/figure>\n\n\n\n<p><strong><em>Tapisserie de Bayeux<\/em><\/strong> <strong><em>18\/29    H XIV<\/em><\/strong>, 2013<\/p>\n\n\n\n<p>Capture, encre et collages sur carton, 80x80cm<\/p>\n\n\n\n<figure class=\"wp-block-image size-large\"><img decoding=\"async\" src=\"https:\/\/www.alainlecoq.com\/wp-content\/uploads\/2020\/10\/Tapisserie-de-Bayeux-19..29-G-XIII-2014-1024x1015.jpg\" alt=\"\" class=\"wp-image-181\"\/><\/figure>\n\n\n\n<p><strong><em>Tapisserie de Bayeux<\/em><\/strong> <strong><em>19\/29   G XI<\/em><\/strong><em><strong>II<\/strong><\/em>,     2014<\/p>\n\n\n\n<p>Capture, encre et collages sur carton, 80x80cm<\/p>\n\n\n\n<p><\/p>\n\n\n\n<figure class=\"wp-block-image size-large\"><img decoding=\"async\" src=\"https:\/\/www.alainlecoq.com\/wp-content\/uploads\/2020\/10\/Tapisserie-de-Bayeux-21..29-N-IV-2015-1020x1024.jpg\" alt=\"\" class=\"wp-image-182\"\/><\/figure>\n\n\n\n<p><strong><em>Tapisserie de Bayeux<\/em><\/strong> <strong><em>21\/29    N <\/em><\/strong><em><strong>I<\/strong><\/em><strong><em>V<\/em><\/strong>,    2015<\/p>\n\n\n\n<p>Capture, encre et collages sur carton, 80x80cm<\/p>\n\n\n\n<p><\/p>\n\n\n\n<figure class=\"wp-block-image size-large\"><img decoding=\"async\" src=\"https:\/\/www.alainlecoq.com\/wp-content\/uploads\/2020\/10\/Tapisserie-de-Bayeux-22..29-M-V-2017-1024x1022.jpg\" alt=\"\" class=\"wp-image-183\"\/><\/figure>\n\n\n\n<p><strong><em>Tapisserie de Bayeux<\/em><\/strong> <strong><em>22\/29      M V<\/em><\/strong>,    2017<\/p>\n\n\n\n<p>Capture, encre et collages sur carton, 80x80cm<\/p>\n\n\n\n<p><\/p>\n\n\n\n<figure class=\"wp-block-image size-large\"><img decoding=\"async\" src=\"https:\/\/www.alainlecoq.com\/wp-content\/uploads\/2020\/10\/Tapisserie-de-Bayeux-23..29-H-XI-2017-1013x1024.jpg\" alt=\"\" class=\"wp-image-184\"\/><\/figure>\n\n\n\n<p><strong><em>Tapisserie de Bayeux<\/em><\/strong> <strong><em>23\/29   H XI<\/em><\/strong>,  2017<\/p>\n\n\n\n<p>Capture, encre et collages sur carton, 80x80cm<\/p>\n\n\n\n<figure class=\"wp-block-image size-large\"><img decoding=\"async\" src=\"https:\/\/www.alainlecoq.com\/wp-content\/uploads\/2020\/10\/DSCN2245-1022x1024.jpg\" alt=\"\" class=\"wp-image-207\"\/><\/figure>\n\n\n\n<p><strong><em>Tapisserie de Bayeux<\/em><\/strong> <strong><em>25\/29  E XIV<\/em><\/strong>,   2018<\/p>\n\n\n\n<p>Capture, encre et collages sur carton, 80x80cm<\/p>\n\n\n\n\n\n<p><strong><em>Tapisserie de Bayeux<\/em><\/strong> <strong><em>28\/29 I II<\/em><\/strong>,    2019<\/p>\n\n\n\n<p>Capture, encre et collages sur carton, 80x80cm<\/p>\n\n\n\n<p><\/p>\n\n\n\n<p><\/p>\n\n\n\n<p><\/p>\n\n\n\n<p><\/p>\n\n\n\n<p><\/p>\n\n\n\n<p><\/p>\n\n\n\n<p><\/p>\n","protected":false},"excerpt":{"rendered":"<p>La capture de la Tapisserie de Bayeux est une capture de voyage. J&rsquo;ai d\u00e9couvert l\u2019\u0153uvre originale lors d&rsquo;un voyage en famille qui devait nous mener jusqu&rsquo;\u00e0 Amsterdam. Nous avons fait une pause \u00e0 Bayeux pour d\u00e9couvrir les plages du d\u00e9barquement et visiter le mus\u00e9e qui accueille la Tapisserie. Tapisserie de Bayeux 1\/29 E XI , &hellip; <\/p>\n<p class=\"link-more\"><a href=\"https:\/\/www.alainlecoq.com\/index.php\/la-tapisserie-de-bayeux\/\" class=\"more-link\">Continuer la lecture<span class=\"screen-reader-text\"> de &laquo;&nbsp;LA TAPISSERIE DE BAYEUX&nbsp;&raquo;<\/span><\/a><\/p>\n","protected":false},"author":1,"featured_media":0,"parent":0,"menu_order":0,"comment_status":"closed","ping_status":"closed","template":"","meta":{"footnotes":""},"class_list":["post-134","page","type-page","status-publish","hentry"],"_links":{"self":[{"href":"https:\/\/www.alainlecoq.com\/index.php\/wp-json\/wp\/v2\/pages\/134","targetHints":{"allow":["GET"]}}],"collection":[{"href":"https:\/\/www.alainlecoq.com\/index.php\/wp-json\/wp\/v2\/pages"}],"about":[{"href":"https:\/\/www.alainlecoq.com\/index.php\/wp-json\/wp\/v2\/types\/page"}],"author":[{"embeddable":true,"href":"https:\/\/www.alainlecoq.com\/index.php\/wp-json\/wp\/v2\/users\/1"}],"replies":[{"embeddable":true,"href":"https:\/\/www.alainlecoq.com\/index.php\/wp-json\/wp\/v2\/comments?post=134"}],"version-history":[{"count":0,"href":"https:\/\/www.alainlecoq.com\/index.php\/wp-json\/wp\/v2\/pages\/134\/revisions"}],"wp:attachment":[{"href":"https:\/\/www.alainlecoq.com\/index.php\/wp-json\/wp\/v2\/media?parent=134"}],"curies":[{"name":"wp","href":"https:\/\/api.w.org\/{rel}","templated":true}]}}